{"id":1395,"date":"2024-04-19T03:09:25","date_gmt":"2024-04-19T00:09:25","guid":{"rendered":"https:\/\/tripion.com.tr\/?page_id=1395"},"modified":"2024-06-05T00:35:02","modified_gmt":"2024-06-04T21:35:02","slug":"transfer","status":"publish","type":"page","link":"https:\/\/tripion.com.tr\/en\/transfer\/","title":{"rendered":"Transfer"},"content":{"rendered":"<div class=\"wpb-content-wrapper\"><div class=\"vc_row wpb_row vc_row-fluid\"><div class=\"wpb_column vc_column_container vc_col-sm-12\"><div class=\"vc_column-inner\"><div class=\"wpb_wrapper\"><div class=\"title title--big title--center title--underline title--decoration-bottom-center\">\n\t\t\t<div class=\"title__subtitle\">Tripion Travel<\/div>\n\t\t<h3 class=\"title__primary\">Transfer<\/h3>\n<\/div>\n\n\t<div class=\"wpb_text_column wpb_content_element\">\n\t\t<div class=\"wpb_wrapper\">\n\t\t\t<p style=\"color: #9a9a9a;\">Our transfer service is offered upon customer request and is available for an extra charge.<\/p>\n\n\t\t<\/div>\n\t<\/div>\n<div class=\"vc_row wpb_row vc_inner vc_row-fluid vc_custom_1713490429650 vc_row-o-content-middle vc_row-flex\"><div class=\"wpb_column vc_column_container vc_col-sm-6\"><div class=\"vc_column-inner\"><div class=\"wpb_wrapper\">\n\t<div class=\"wpb_text_column wpb_content_element\">\n\t\t<div class=\"wpb_wrapper\">\n\t\t\t<h2 style=\"color: #000000; text-align: center;\">Marmaris Transfer &amp; Bodrum Transfer<\/h2>\n\n\t\t<\/div>\n\t<\/div>\n\n\t<div class=\"wpb_text_column wpb_content_element  wpb_animate_when_almost_visible wpb_appear appear vc_custom_1713490623014\">\n\t\t<div class=\"wpb_wrapper\">\n\t\t\t<p style=\"color: #9a9a9a; text-align: center;\">Our transfer service is offered upon customer request and is available for an extra charge.<\/p>\n\n\t\t<\/div>\n\t<\/div>\n<\/div><\/div><\/div><div class=\"wpb_column vc_column_container vc_col-sm-6\"><div class=\"vc_column-inner\"><div class=\"wpb_wrapper\">\n\t<div  class=\"wpb_single_image wpb_content_element vc_align_left  wpb_animate_when_almost_visible wpb_fadeInRight fadeInRight\">\n\t\t\n\t\t<figure class=\"wpb_wrapper vc_figure\">\n\t\t\t<div class=\"vc_single_image-wrapper vc_box_rounded  vc_box_border_grey\"><img loading=\"lazy\" decoding=\"async\" width=\"1920\" height=\"1280\" src=\"https:\/\/tripion.com.tr\/wp-content\/uploads\/2024\/04\/transfer-service.webp\" class=\"vc_single_image-img attachment-full\" alt=\"transfer-service\" title=\"transfer-service\" srcset=\"https:\/\/tripion.com.tr\/wp-content\/uploads\/2024\/04\/transfer-service.webp 1920w, https:\/\/tripion.com.tr\/wp-content\/uploads\/2024\/04\/transfer-service-300x200.webp 300w, https:\/\/tripion.com.tr\/wp-content\/uploads\/2024\/04\/transfer-service-1024x683.webp 1024w, https:\/\/tripion.com.tr\/wp-content\/uploads\/2024\/04\/transfer-service-768x512.webp 768w, https:\/\/tripion.com.tr\/wp-content\/uploads\/2024\/04\/transfer-service-1536x1024.webp 1536w, https:\/\/tripion.com.tr\/wp-content\/uploads\/2024\/04\/transfer-service-531x354.webp 531w, https:\/\/tripion.com.tr\/wp-content\/uploads\/2024\/04\/transfer-service-600x400.webp 600w, https:\/\/tripion.com.tr\/wp-content\/uploads\/2024\/04\/transfer-service-180x120.webp 180w\" sizes=\"auto, (max-width: 1920px) 100vw, 1920px\" \/><\/div>\n\t\t<\/figure>\n\t<\/div>\n<\/div><\/div><\/div><\/div><div class=\"vc_row wpb_row vc_inner vc_row-fluid vc_custom_1713490435580 vc_row-o-content-middle vc_row-flex\"><div class=\"wpb_column vc_column_container vc_col-sm-6\"><div class=\"vc_column-inner\"><div class=\"wpb_wrapper\">\n\t<div  class=\"wpb_single_image wpb_content_element vc_align_right  wpb_animate_when_almost_visible wpb_fadeInLeft fadeInLeft\">\n\t\t\n\t\t<figure class=\"wpb_wrapper vc_figure\">\n\t\t\t<div class=\"vc_single_image-wrapper vc_box_rounded  vc_box_border_grey\"><img loading=\"lazy\" decoding=\"async\" width=\"1920\" height=\"1280\" src=\"https:\/\/tripion.com.tr\/wp-content\/uploads\/2024\/04\/hotel-transfer-service.png\" class=\"vc_single_image-img attachment-full\" alt=\"hotel-transfer-service\" title=\"hotel-transfer-service\" srcset=\"https:\/\/tripion.com.tr\/wp-content\/uploads\/2024\/04\/hotel-transfer-service.png 1920w, https:\/\/tripion.com.tr\/wp-content\/uploads\/2024\/04\/hotel-transfer-service-300x200.png 300w, https:\/\/tripion.com.tr\/wp-content\/uploads\/2024\/04\/hotel-transfer-service-1024x683.png 1024w, https:\/\/tripion.com.tr\/wp-content\/uploads\/2024\/04\/hotel-transfer-service-768x512.png 768w, https:\/\/tripion.com.tr\/wp-content\/uploads\/2024\/04\/hotel-transfer-service-1536x1024.png 1536w, https:\/\/tripion.com.tr\/wp-content\/uploads\/2024\/04\/hotel-transfer-service-531x354.png 531w, https:\/\/tripion.com.tr\/wp-content\/uploads\/2024\/04\/hotel-transfer-service-600x400.png 600w, https:\/\/tripion.com.tr\/wp-content\/uploads\/2024\/04\/hotel-transfer-service-180x120.png 180w\" sizes=\"auto, (max-width: 1920px) 100vw, 1920px\" \/><\/div>\n\t\t<\/figure>\n\t<\/div>\n<\/div><\/div><\/div><div class=\"wpb_column vc_column_container vc_col-sm-6\"><div class=\"vc_column-inner\"><div class=\"wpb_wrapper\">\n\t<div class=\"wpb_text_column wpb_content_element\">\n\t\t<div class=\"wpb_wrapper\">\n\t\t\t<h2 style=\"color: #000000; text-align: center;\">Hotel Transfer<\/h2>\n\n\t\t<\/div>\n\t<\/div>\n\n\t<div class=\"wpb_text_column wpb_content_element  wpb_animate_when_almost_visible wpb_appear appear vc_custom_1713490633580\">\n\t\t<div class=\"wpb_wrapper\">\n\t\t\t<p style=\"color: #9a9a9a; text-align: center;\">Let us help you find the best hotel for accommodation in Dat\u00e7a! Contact us for special and affordable hotel options for you.<\/p>\n\n\t\t<\/div>\n\t<\/div>\n<\/div><\/div><\/div><\/div><div class=\"vc_row wpb_row vc_inner vc_row-fluid vc_row-o-content-middle vc_row-flex\"><div class=\"wpb_column vc_column_container vc_col-sm-6\"><div class=\"vc_column-inner\"><div class=\"wpb_wrapper\">\n\t<div class=\"wpb_text_column wpb_content_element\">\n\t\t<div class=\"wpb_wrapper\">\n\t\t\t<h2 style=\"color: #000000; text-align: center;\">Airport Transfer<\/h2>\n\n\t\t<\/div>\n\t<\/div>\n\n\t<div class=\"wpb_text_column wpb_content_element  wpb_animate_when_almost_visible wpb_appear appear vc_custom_1713490645884\">\n\t\t<div class=\"wpb_wrapper\">\n\t\t\t<p style=\"color: #9a9a9a; text-align: center;\">Reach from Dalaman Airport to your hotel or any point you want with our comfortable and reliable transfer service.<\/p>\n\n\t\t<\/div>\n\t<\/div>\n<\/div><\/div><\/div><div class=\"wpb_column vc_column_container vc_col-sm-6\"><div class=\"vc_column-inner\"><div class=\"wpb_wrapper\">\n\t<div  class=\"wpb_single_image wpb_content_element vc_align_left  wpb_animate_when_almost_visible wpb_fadeInRight fadeInRight\">\n\t\t\n\t\t<figure class=\"wpb_wrapper vc_figure\">\n\t\t\t<div class=\"vc_single_image-wrapper vc_box_rounded  vc_box_border_grey\"><img loading=\"lazy\" decoding=\"async\" width=\"1920\" height=\"1280\" src=\"https:\/\/tripion.com.tr\/wp-content\/uploads\/2024\/04\/airport-transfer-service.png\" class=\"vc_single_image-img attachment-full\" alt=\"airport-transfer-service\" title=\"airport-transfer-service\" srcset=\"https:\/\/tripion.com.tr\/wp-content\/uploads\/2024\/04\/airport-transfer-service.png 1920w, https:\/\/tripion.com.tr\/wp-content\/uploads\/2024\/04\/airport-transfer-service-300x200.png 300w, https:\/\/tripion.com.tr\/wp-content\/uploads\/2024\/04\/airport-transfer-service-1024x683.png 1024w, https:\/\/tripion.com.tr\/wp-content\/uploads\/2024\/04\/airport-transfer-service-768x512.png 768w, https:\/\/tripion.com.tr\/wp-content\/uploads\/2024\/04\/airport-transfer-service-1536x1024.png 1536w, https:\/\/tripion.com.tr\/wp-content\/uploads\/2024\/04\/airport-transfer-service-531x354.png 531w, https:\/\/tripion.com.tr\/wp-content\/uploads\/2024\/04\/airport-transfer-service-600x400.png 600w, https:\/\/tripion.com.tr\/wp-content\/uploads\/2024\/04\/airport-transfer-service-180x120.png 180w\" sizes=\"auto, (max-width: 1920px) 100vw, 1920px\" \/><\/div>\n\t\t<\/figure>\n\t<\/div>\n<\/div><\/div><\/div><\/div><\/div><\/div><\/div><\/div>\n<\/div>","protected":false},"excerpt":{"rendered":"Tripion Travel Transfer Transfer hizmetimiz, m\u00fc\u015fteri talebi do\u011frultusunda sunulmaktad\u0131r ve ekstra \u00fccret kar\u015f\u0131l\u0131\u011f\u0131nda sa\u011flanmaktad\u0131r. Marmaris Transfer &amp; Bodrum Transfer Transfer hizmetimiz, m\u00fc\u015fteri talebi do\u011frultusunda sunulmaktad\u0131r ve ekstra \u00fccret kar\u015f\u0131l\u0131\u011f\u0131nda sa\u011flanmaktad\u0131r. Hotel Transfer Dat\u00e7a\u2019da konaklama i\u00e7in en iyi oteli bulman\u0131za yard\u0131mc\u0131 olal\u0131m! Size \u00f6zel ve uygun<div class=\"padding-top text-center\"><a href=\"https:\/\/tripion.com.tr\/en\/transfer\/\" class=\"atbtn atbtn--medium atbtn--rounded atbtn--transparent\">Read more<i class=\"atbtn__icon atbtn__icon--right fa fa-long-arrow-right\"><\/i><\/a><\/div>","protected":false},"author":1,"featured_media":0,"parent":0,"menu_order":0,"comment_status":"closed","ping_status":"closed","template":"","meta":{"footnotes":""},"class_list":["post-1395","page","type-page","status-publish","hentry"],"aioseo_notices":[],"_links":{"self":[{"href":"https:\/\/tripion.com.tr\/en\/wp-json\/wp\/v2\/pages\/1395","targetHints":{"allow":["GET"]}}],"collection":[{"href":"https:\/\/tripion.com.tr\/en\/wp-json\/wp\/v2\/pages"}],"about":[{"href":"https:\/\/tripion.com.tr\/en\/wp-json\/wp\/v2\/types\/page"}],"author":[{"embeddable":true,"href":"https:\/\/tripion.com.tr\/en\/wp-json\/wp\/v2\/users\/1"}],"replies":[{"embeddable":true,"href":"https:\/\/tripion.com.tr\/en\/wp-json\/wp\/v2\/comments?post=1395"}],"version-history":[{"count":4,"href":"https:\/\/tripion.com.tr\/en\/wp-json\/wp\/v2\/pages\/1395\/revisions"}],"predecessor-version":[{"id":1700,"href":"https:\/\/tripion.com.tr\/en\/wp-json\/wp\/v2\/pages\/1395\/revisions\/1700"}],"wp:attachment":[{"href":"https:\/\/tripion.com.tr\/en\/wp-json\/wp\/v2\/media?parent=1395"}],"curies":[{"name":"wp","href":"https:\/\/api.w.org\/{rel}","templated":true}]}}