{"id":150,"date":"2015-07-23T10:30:07","date_gmt":"2015-07-23T10:30:07","guid":{"rendered":"http:\/\/adventure-tours.themedelight.com\/?page_id=150"},"modified":"2025-01-07T13:21:11","modified_gmt":"2025-01-07T10:21:11","slug":"datca-essiz-turlar","status":"publish","type":"page","link":"https:\/\/tripion.com.tr\/en\/","title":{"rendered":"Homepage"},"content":{"rendered":"<div class=\"wpb-content-wrapper\"><div data-vc-full-width=\"true\" data-vc-full-width-init=\"false\" class=\"vc_row wpb_row vc_row-fluid vc_custom_1711731676032 vc_row-has-fill\"><div class=\"wpb_column vc_column_container vc_col-sm-12\"><div class=\"vc_column-inner\"><div class=\"wpb_wrapper\"><\/div><\/div><\/div><\/div><div class=\"vc_row-full-width vc_clearfix\"><\/div><div class=\"vc_row wpb_row vc_row-fluid\"><div class=\"wpb_column vc_column_container vc_col-sm-12\"><div class=\"vc_column-inner\"><div class=\"wpb_wrapper\"><\/div><\/div><\/div><\/div><div class=\"vc_row wpb_row vc_row-fluid\"><div class=\"wpb_column vc_column_container vc_col-sm-12\"><div class=\"vc_column-inner\"><div class=\"wpb_wrapper\">\n<div class=\"atgrid margin-bottom-large atgrid--small\">\n\t<div class=\"title title--big title--center title--underline title--decoration-bottom-center\">\n\t\t\t<div class=\"title__subtitle\">Our Tours<\/div>\n\t\t<h3 class=\"title__primary\">Our Tours<\/h3>\n<\/div>\n\t<div class=\"row atgrid__row\">\n\t\t\t\t\t<div class=\"col-md-3 col-xs-6 atgrid__item-wrap\">\n\t\t\t<div class=\"atgrid__item\">\n\t\t\t\t<div class=\"atgrid__item__top\">\n\t\t\t\t\t<a href=\"https:\/\/tripion.com.tr\/en\/tours\/karia-datca-yarimadasi-karia-yolu-yuruyus-turu-16-17-18-19mayis\/\" class=\"atgrid__item__top__image\"><img loading=\"lazy\" decoding=\"async\" width=\"360\" height=\"240\" src=\"https:\/\/tripion.com.tr\/wp-content\/uploads\/2026\/04\/Krem-Modern-Tur-Tanitim-Instagram-Hikayesi-Instagram-Gonderisi-45-360x240.png\" class=\"attachment-thumb_tour_listing_small size-thumb_tour_listing_small wp-post-image\" alt=\"\" srcset=\"https:\/\/tripion.com.tr\/wp-content\/uploads\/2026\/04\/Krem-Modern-Tur-Tanitim-Instagram-Hikayesi-Instagram-Gonderisi-45-360x240.png 360w, https:\/\/tripion.com.tr\/wp-content\/uploads\/2026\/04\/Krem-Modern-Tur-Tanitim-Instagram-Hikayesi-Instagram-Gonderisi-45-531x354.png 531w, https:\/\/tripion.com.tr\/wp-content\/uploads\/2026\/04\/Krem-Modern-Tur-Tanitim-Instagram-Hikayesi-Instagram-Gonderisi-45-180x120.png 180w, https:\/\/tripion.com.tr\/wp-content\/uploads\/2026\/04\/Krem-Modern-Tur-Tanitim-Instagram-Hikayesi-Instagram-Gonderisi-45-270x180.png 270w\" sizes=\"auto, (max-width: 360px) 100vw, 360px\" \/><\/a>\t\t\t\t\t<div class=\"atgrid__item__price\"><a href=\"https:\/\/tripion.com.tr\/en\/tours\/karia-datca-yarimadasi-karia-yolu-yuruyus-turu-16-17-18-19mayis\/\" class=\"atgrid__item__price__button\"><span class=\"woocommerce-Price-amount amount\"><bdi><span class=\"woocommerce-Price-currencySymbol\">&#36;<\/span>0.00<\/bdi><\/span><\/a><\/div>\t\t\t\t\t\t\t\t\t\t\t\t\t\t<\/div>\n\t\t\t\t<div class=\"atgrid__item__content\">\n\t\t\t\t\t<h3 class=\"atgrid__item__title\"><a href=\"https:\/\/tripion.com.tr\/en\/tours\/karia-datca-yarimadasi-karia-yolu-yuruyus-turu-16-17-18-19mayis\/\">Karia: Dat\u00e7a Yar\u0131madas\u0131 Karia Yolu Y\u00fcr\u00fcy\u00fc\u015f Turu (16-17-18-19May\u0131s)<\/a><\/h3>\n\t\t\t\t\t\t\t\t\t<div class=\"atgrid__item__description\">Antik d\u00f6nemde bu co\u011frafyada ya\u015fam\u0131\u015f antik Karia halk\u0131ndan ad\u0131n\u0131 alan Karia Yolu\u2019nun muhte\u015fem patikalar\u0131nda ad\u0131mlar\u0131m\u0131z\u0131 ataca\u011f\u0131z.<\/div>\n\t\t\t\t\t\t\t\t<\/div>\n\t\t\t\t<div class=\"item-attributes\">\n\t\t\t\t\t\t\t\t\t\t<div class=\"item-attributes__item\"><a href=\"https:\/\/tripion.com.tr\/en\/tours\/karia-datca-yarimadasi-karia-yolu-yuruyus-turu-16-17-18-19mayis\/\" class=\"item-attributes__link\"><i class=\"fa fa-long-arrow-right\"><\/i><\/a><\/div>\n\t\t\t\t<\/div>\n\t\t\t<\/div>\n\t\t<\/div>\n\t\t\t\t\t<div class=\"col-md-3 col-xs-6 atgrid__item-wrap\">\n\t\t\t<div class=\"atgrid__item\">\n\t\t\t\t<div class=\"atgrid__item__top\">\n\t\t\t\t\t<a href=\"https:\/\/tripion.com.tr\/en\/tours\/karia-marmaris-bozburun-karia-yolu-yuruyus-turu-23-24-25-26-nisan-2026-2\/\" class=\"atgrid__item__top__image\"><img loading=\"lazy\" decoding=\"async\" width=\"360\" height=\"240\" src=\"https:\/\/tripion.com.tr\/wp-content\/uploads\/2026\/01\/Paragraf-metniniz-9-360x240.jpg\" class=\"attachment-thumb_tour_listing_small size-thumb_tour_listing_small wp-post-image\" alt=\"\" srcset=\"https:\/\/tripion.com.tr\/wp-content\/uploads\/2026\/01\/Paragraf-metniniz-9-360x240.jpg 360w, https:\/\/tripion.com.tr\/wp-content\/uploads\/2026\/01\/Paragraf-metniniz-9-531x354.jpg 531w, https:\/\/tripion.com.tr\/wp-content\/uploads\/2026\/01\/Paragraf-metniniz-9-180x120.jpg 180w, https:\/\/tripion.com.tr\/wp-content\/uploads\/2026\/01\/Paragraf-metniniz-9-270x180.jpg 270w\" sizes=\"auto, (max-width: 360px) 100vw, 360px\" \/><\/a>\t\t\t\t\t<div class=\"atgrid__item__price\"><a href=\"https:\/\/tripion.com.tr\/en\/tours\/karia-marmaris-bozburun-karia-yolu-yuruyus-turu-23-24-25-26-nisan-2026-2\/\" class=\"atgrid__item__price__button\"><span class=\"woocommerce-Price-amount amount\"><bdi><span class=\"woocommerce-Price-currencySymbol\">&#36;<\/span>0.00<\/bdi><\/span><\/a><\/div>\t\t\t\t\t\t\t\t\t\t<div class=\"atgrid__item__icons\"><a href=\"https:\/\/tripion.com.tr\/en\/tour-category\/yuruyus-turlari\/\"><i data-toggle=\"tooltip\" title=\"Hiking Tours\" class=\"td-mountains\"><\/i><\/a><\/div>\t\t\t\t<\/div>\n\t\t\t\t<div class=\"atgrid__item__content\">\n\t\t\t\t\t<h3 class=\"atgrid__item__title\"><a href=\"https:\/\/tripion.com.tr\/en\/tours\/karia-marmaris-bozburun-karia-yolu-yuruyus-turu-23-24-25-26-nisan-2026-2\/\">Karia: Marmaris - Bozburun Karia Yolu Y\u00fcr\u00fcy\u00fc\u015f Turu (23-24-25-26 Nisan 2026)<\/a><\/h3>\n\t\t\t\t\t\t\t\t\t<div class=\"atgrid__item__description\">B\u00f6lge uzman\u0131 yerel rehberimizin e\u015fli\u011finde Bozburun Yar\u0131madas\u0131\u2019nda harika bir do\u011fa y\u00fcr\u00fcy\u00fc\u015f turuna davetlisiniz.<\/div>\n\t\t\t\t\t\t\t\t<\/div>\n\t\t\t\t<div class=\"item-attributes\">\n\t\t\t\t\t\t\t\t\t\t<div class=\"item-attributes__item\"><a href=\"https:\/\/tripion.com.tr\/en\/tours\/karia-marmaris-bozburun-karia-yolu-yuruyus-turu-23-24-25-26-nisan-2026-2\/\" class=\"item-attributes__link\"><i class=\"fa fa-long-arrow-right\"><\/i><\/a><\/div>\n\t\t\t\t<\/div>\n\t\t\t<\/div>\n\t\t<\/div>\n\t\t\t<div class=\"atgrid__row-separator clearfix visible-sm visible-xs\"><\/div>\t\t<div class=\"col-md-3 col-xs-6 atgrid__item-wrap\">\n\t\t\t<div class=\"atgrid__item\">\n\t\t\t\t<div class=\"atgrid__item__top\">\n\t\t\t\t\t<a href=\"https:\/\/tripion.com.tr\/en\/tours\/karia-datca-yarimadasi-karia-yolu-yuruyus-turu-23-24-25-26-mayis-2026-2\/\" class=\"atgrid__item__top__image\"><img loading=\"lazy\" decoding=\"async\" width=\"360\" height=\"240\" src=\"https:\/\/tripion.com.tr\/wp-content\/uploads\/2026\/01\/Paragraf-metniniz-13-360x240.jpg\" class=\"attachment-thumb_tour_listing_small size-thumb_tour_listing_small wp-post-image\" alt=\"\" srcset=\"https:\/\/tripion.com.tr\/wp-content\/uploads\/2026\/01\/Paragraf-metniniz-13-360x240.jpg 360w, https:\/\/tripion.com.tr\/wp-content\/uploads\/2026\/01\/Paragraf-metniniz-13-531x354.jpg 531w, https:\/\/tripion.com.tr\/wp-content\/uploads\/2026\/01\/Paragraf-metniniz-13-180x120.jpg 180w, https:\/\/tripion.com.tr\/wp-content\/uploads\/2026\/01\/Paragraf-metniniz-13-270x180.jpg 270w\" sizes=\"auto, (max-width: 360px) 100vw, 360px\" \/><\/a>\t\t\t\t\t<div class=\"atgrid__item__price\"><a href=\"https:\/\/tripion.com.tr\/en\/tours\/karia-datca-yarimadasi-karia-yolu-yuruyus-turu-23-24-25-26-mayis-2026-2\/\" class=\"atgrid__item__price__button\"><span class=\"woocommerce-Price-amount amount\"><bdi><span class=\"woocommerce-Price-currencySymbol\">&#36;<\/span>0.00<\/bdi><\/span><\/a><\/div>\t\t\t\t\t\t\t\t\t\t<div class=\"atgrid__item__icons\"><a href=\"https:\/\/tripion.com.tr\/en\/tour-category\/yuruyus-turlari\/\"><i data-toggle=\"tooltip\" title=\"Hiking Tours\" class=\"td-mountains\"><\/i><\/a><\/div>\t\t\t\t<\/div>\n\t\t\t\t<div class=\"atgrid__item__content\">\n\t\t\t\t\t<h3 class=\"atgrid__item__title\"><a href=\"https:\/\/tripion.com.tr\/en\/tours\/karia-datca-yarimadasi-karia-yolu-yuruyus-turu-23-24-25-26-mayis-2026-2\/\">Karia: Dat\u00e7a Yar\u0131madas\u0131 Karia Yolu Y\u00fcr\u00fcy\u00fc\u015f Turu (23-24-25-26 May\u0131s 2026)<\/a><\/h3>\n\t\t\t\t\t\t\t\t\t<div class=\"atgrid__item__description\">Antik d\u00f6nemde bu co\u011frafyada ya\u015fam\u0131\u015f antik Karia halk\u0131ndan ad\u0131n\u0131 alan Karia Yolu\u2019nun muhte\u015fem patikalar\u0131nda ad\u0131mlar\u0131m\u0131z\u0131 ataca\u011f\u0131z.<\/div>\n\t\t\t\t\t\t\t\t<\/div>\n\t\t\t\t<div class=\"item-attributes\">\n\t\t\t\t\t\t\t\t\t\t<div class=\"item-attributes__item\"><a href=\"https:\/\/tripion.com.tr\/en\/tours\/karia-datca-yarimadasi-karia-yolu-yuruyus-turu-23-24-25-26-mayis-2026-2\/\" class=\"item-attributes__link\"><i class=\"fa fa-long-arrow-right\"><\/i><\/a><\/div>\n\t\t\t\t<\/div>\n\t\t\t<\/div>\n\t\t<\/div>\n\t\t\t\t\t<div class=\"col-md-3 col-xs-6 atgrid__item-wrap\">\n\t\t\t<div class=\"atgrid__item\">\n\t\t\t\t<div class=\"atgrid__item__top\">\n\t\t\t\t\t<a href=\"https:\/\/tripion.com.tr\/en\/tours\/karia-yolu-bafa-golu-yuruyus-turu\/\" class=\"atgrid__item__top__image\"><img loading=\"lazy\" decoding=\"async\" width=\"360\" height=\"240\" src=\"https:\/\/tripion.com.tr\/wp-content\/uploads\/2026\/01\/Paragraf-metniniz-9-360x240.png\" class=\"attachment-thumb_tour_listing_small size-thumb_tour_listing_small wp-post-image\" alt=\"\" srcset=\"https:\/\/tripion.com.tr\/wp-content\/uploads\/2026\/01\/Paragraf-metniniz-9-360x240.png 360w, https:\/\/tripion.com.tr\/wp-content\/uploads\/2026\/01\/Paragraf-metniniz-9-531x354.png 531w, https:\/\/tripion.com.tr\/wp-content\/uploads\/2026\/01\/Paragraf-metniniz-9-180x120.png 180w, https:\/\/tripion.com.tr\/wp-content\/uploads\/2026\/01\/Paragraf-metniniz-9-270x180.png 270w\" sizes=\"auto, (max-width: 360px) 100vw, 360px\" \/><\/a>\t\t\t\t\t<div class=\"atgrid__item__price\"><a href=\"https:\/\/tripion.com.tr\/en\/tours\/karia-yolu-bafa-golu-yuruyus-turu\/\" class=\"atgrid__item__price__button\"><span class=\"woocommerce-Price-amount amount\"><bdi><span class=\"woocommerce-Price-currencySymbol\">&#36;<\/span>0.00<\/bdi><\/span><\/a><\/div>\t\t\t\t\t\t\t\t\t\t\t\t\t\t<\/div>\n\t\t\t\t<div class=\"atgrid__item__content\">\n\t\t\t\t\t<h3 class=\"atgrid__item__title\"><a href=\"https:\/\/tripion.com.tr\/en\/tours\/karia-yolu-bafa-golu-yuruyus-turu\/\">Karia Yolu: Bafa G\u00f6l\u00fc Y\u00fcr\u00fcy\u00fc\u015f Turu<\/a><\/h3>\n\t\t\t\t\t\t\t\t\t<div class=\"atgrid__item__description\">Bu tur kapal\u0131 gruplar i\u00e7in \u00f6zel tur olarak planlanmaktad\u0131r. Fiyat bilgisi ve tarih i\u00e7in bizimle ileti\u015fime ge\u00e7ebilirsiniz.<\/div>\n\t\t\t\t\t\t\t\t<\/div>\n\t\t\t\t<div class=\"item-attributes\">\n\t\t\t\t\t\t\t\t\t\t<div class=\"item-attributes__item\"><a href=\"https:\/\/tripion.com.tr\/en\/tours\/karia-yolu-bafa-golu-yuruyus-turu\/\" class=\"item-attributes__link\"><i class=\"fa fa-long-arrow-right\"><\/i><\/a><\/div>\n\t\t\t\t<\/div>\n\t\t\t<\/div>\n\t\t<\/div>\n\t\t\t<div class=\"atgrid__row-separator clearfix hidden-sm hidden-xs\"><\/div><div class=\"atgrid__row-separator clearfix visible-sm visible-xs\"><\/div>\t\t<div class=\"col-md-3 col-xs-6 atgrid__item-wrap\">\n\t\t\t<div class=\"atgrid__item\">\n\t\t\t\t<div class=\"atgrid__item__top\">\n\t\t\t\t\t<a href=\"https:\/\/tripion.com.tr\/en\/tours\/eco-trails-gocek-yuruyus-turu\/\" class=\"atgrid__item__top__image\"><img loading=\"lazy\" decoding=\"async\" width=\"360\" height=\"240\" src=\"https:\/\/tripion.com.tr\/wp-content\/uploads\/2026\/01\/Paragraf-metniniz-4-360x240.png\" class=\"attachment-thumb_tour_listing_small size-thumb_tour_listing_small wp-post-image\" alt=\"\" srcset=\"https:\/\/tripion.com.tr\/wp-content\/uploads\/2026\/01\/Paragraf-metniniz-4-360x240.png 360w, https:\/\/tripion.com.tr\/wp-content\/uploads\/2026\/01\/Paragraf-metniniz-4-531x354.png 531w, https:\/\/tripion.com.tr\/wp-content\/uploads\/2026\/01\/Paragraf-metniniz-4-180x120.png 180w, https:\/\/tripion.com.tr\/wp-content\/uploads\/2026\/01\/Paragraf-metniniz-4-270x180.png 270w\" sizes=\"auto, (max-width: 360px) 100vw, 360px\" \/><\/a>\t\t\t\t\t<div class=\"atgrid__item__price\"><a href=\"https:\/\/tripion.com.tr\/en\/tours\/eco-trails-gocek-yuruyus-turu\/\" class=\"atgrid__item__price__button\"><span class=\"woocommerce-Price-amount amount\"><bdi><span class=\"woocommerce-Price-currencySymbol\">&#36;<\/span>0.00<\/bdi><\/span><\/a><\/div>\t\t\t\t\t\t\t\t\t\t\t\t\t\t<\/div>\n\t\t\t\t<div class=\"atgrid__item__content\">\n\t\t\t\t\t<h3 class=\"atgrid__item__title\"><a href=\"https:\/\/tripion.com.tr\/en\/tours\/eco-trails-gocek-yuruyus-turu\/\">Eco Trails: G\u00f6cek Y\u00fcr\u00fcy\u00fc\u015f Turu<\/a><\/h3>\n\t\t\t\t\t\t\t\t\t<div class=\"atgrid__item__description\">Bu tur kapal\u0131 gruplar i\u00e7in \u00f6zel tur olarak planlanmaktad\u0131r. Fiyat bilgisi ve tarih i\u00e7in bizimle ileti\u015fime ge\u00e7ebilirsiniz.<\/div>\n\t\t\t\t\t\t\t\t<\/div>\n\t\t\t\t<div class=\"item-attributes\">\n\t\t\t\t\t\t\t\t\t\t<div class=\"item-attributes__item\"><a href=\"https:\/\/tripion.com.tr\/en\/tours\/eco-trails-gocek-yuruyus-turu\/\" class=\"item-attributes__link\"><i class=\"fa fa-long-arrow-right\"><\/i><\/a><\/div>\n\t\t\t\t<\/div>\n\t\t\t<\/div>\n\t\t<\/div>\n\t\t\t\t\t<div class=\"col-md-3 col-xs-6 atgrid__item-wrap\">\n\t\t\t<div class=\"atgrid__item\">\n\t\t\t\t<div class=\"atgrid__item__top\">\n\t\t\t\t\t<a href=\"https:\/\/tripion.com.tr\/en\/tours\/eco-trails-dalyan-yuruyus-turu\/\" class=\"atgrid__item__top__image\"><img loading=\"lazy\" decoding=\"async\" width=\"360\" height=\"240\" src=\"https:\/\/tripion.com.tr\/wp-content\/uploads\/2026\/01\/Paragraf-metniniz-3-360x240.png\" class=\"attachment-thumb_tour_listing_small size-thumb_tour_listing_small wp-post-image\" alt=\"\" srcset=\"https:\/\/tripion.com.tr\/wp-content\/uploads\/2026\/01\/Paragraf-metniniz-3-360x240.png 360w, https:\/\/tripion.com.tr\/wp-content\/uploads\/2026\/01\/Paragraf-metniniz-3-531x354.png 531w, https:\/\/tripion.com.tr\/wp-content\/uploads\/2026\/01\/Paragraf-metniniz-3-180x120.png 180w\" sizes=\"auto, (max-width: 360px) 100vw, 360px\" \/><\/a>\t\t\t\t\t<div class=\"atgrid__item__price\"><a href=\"https:\/\/tripion.com.tr\/en\/tours\/eco-trails-dalyan-yuruyus-turu\/\" class=\"atgrid__item__price__button\"><span class=\"woocommerce-Price-amount amount\"><bdi><span class=\"woocommerce-Price-currencySymbol\">&#36;<\/span>0.00<\/bdi><\/span><\/a><\/div>\t\t\t\t\t\t\t\t\t\t\t\t\t\t<\/div>\n\t\t\t\t<div class=\"atgrid__item__content\">\n\t\t\t\t\t<h3 class=\"atgrid__item__title\"><a href=\"https:\/\/tripion.com.tr\/en\/tours\/eco-trails-dalyan-yuruyus-turu\/\">Eco Trails: Dalyan Y\u00fcr\u00fcy\u00fc\u015f Turu<\/a><\/h3>\n\t\t\t\t\t\t\t\t\t<div class=\"atgrid__item__description\">Sizleri \u00fclkemizin en \u00f6zel noktas\u0131na, Dalyan'a g\u00f6t\u00fcr\u00fcyoruz. Muhte\u015fem manzaralarda unutulmaz bir y\u00fcr\u00fcy\u00fc\u015f deneyimi sizleri bekliyor.<\/div>\n\t\t\t\t\t\t\t\t<\/div>\n\t\t\t\t<div class=\"item-attributes\">\n\t\t\t\t\t\t\t\t\t\t<div class=\"item-attributes__item\"><a href=\"https:\/\/tripion.com.tr\/en\/tours\/eco-trails-dalyan-yuruyus-turu\/\" class=\"item-attributes__link\"><i class=\"fa fa-long-arrow-right\"><\/i><\/a><\/div>\n\t\t\t\t<\/div>\n\t\t\t<\/div>\n\t\t<\/div>\n\t\t\t<\/div>\n<\/div>\n<\/div><\/div><\/div><\/div><div data-vc-full-width=\"true\" data-vc-full-width-init=\"false\" class=\"vc_row wpb_row vc_row-fluid vc_custom_1711732828883 vc_row-has-fill\"><div class=\"wpb_column vc_column_container vc_col-sm-12\"><div class=\"vc_column-inner vc_custom_1711880968290\"><div class=\"wpb_wrapper\"><div id=\"swiper1\" class=\"tours-type-icons padding-top-large padding-bottom-large kategori-anasayfa\">\n\t<div class=\"tours-type-icons__shadow\"><\/div>\n\t<div class=\"tours-type-icons__content\">\n\t\t<div class=\"title title--big title--center title--underline title--light title--underline-light title--decoration-bottom-center\">\n\t\t\t<div class=\"title__subtitle\">View Our Tour Types<\/div>\n\t\t<h3 class=\"title__primary\"><\/h3>\n<\/div>\n\t\t<div class=\"tours-type-icons__slider\">\n\t\t\t<div class=\"tours-type-icons__slider__controls\">\n\t\t\t\t<a class=\"tours-type-icons__slider__prev\" href=\"#\"><i class=\"fa fa-chevron-left\"><\/i><\/a>\n\t\t\t\t<a class=\"tours-type-icons__slider__next\" href=\"#\"><i class=\"fa fa-chevron-right\"><\/i><\/a>\n\t\t\t<\/div>\n\t\t\t<div class=\"swiper-container swiper-slider\">\n\t\t\t\t<div class=\"swiper-wrapper\">\n\t\t\t\t\t\t\t\t\t\t\t\t\t\t<div class=\"swiper-slide tours-type-icons__item\">\n\t\t\t\t\t\t<a href=\"https:\/\/tripion.com.tr\/en\/tour-category\/binicilik-turlari\/\" class=\"tours-type-icons__item__container\">\n\t\t\t\t\t\t\t<span class=\"tours-type-icons__item__content\">\n\t\t\t\t\t\t\t\t<i class=\"td-directions-2\"><\/i>Riding Tours\t\t\t\t\t\t\t<\/span>\n\t\t\t\t\t\t<\/a>\n\t\t\t\t\t<\/div>\n\t\t\t\t\t\t\t\t\t\t\t\t\t\t<div class=\"swiper-slide tours-type-icons__item\">\n\t\t\t\t\t\t<a href=\"https:\/\/tripion.com.tr\/en\/tour-category\/kultur-turlari\/\" class=\"tours-type-icons__item__container\">\n\t\t\t\t\t\t\t<span class=\"tours-type-icons__item__content\">\n\t\t\t\t\t\t\t\t<i class=\"td-building-2\"><\/i>Culture Tours\t\t\t\t\t\t\t<\/span>\n\t\t\t\t\t\t<\/a>\n\t\t\t\t\t<\/div>\n\t\t\t\t\t\t\t\t\t\t\t\t\t\t<div class=\"swiper-slide tours-type-icons__item\">\n\t\t\t\t\t\t<a href=\"https:\/\/tripion.com.tr\/en\/tour-category\/sup-turlari\/\" class=\"tours-type-icons__item__container\">\n\t\t\t\t\t\t\t<span class=\"tours-type-icons__item__content\">\n\t\t\t\t\t\t\t\t<i class=\"td-paddles\"><\/i>SUP Tours\t\t\t\t\t\t\t<\/span>\n\t\t\t\t\t\t<\/a>\n\t\t\t\t\t<\/div>\n\t\t\t\t\t\t\t\t\t\t\t\t\t\t<div class=\"swiper-slide tours-type-icons__item\">\n\t\t\t\t\t\t<a href=\"https:\/\/tripion.com.tr\/en\/tour-category\/tekne-turlari\/\" class=\"tours-type-icons__item__container\">\n\t\t\t\t\t\t\t<span class=\"tours-type-icons__item__content\">\n\t\t\t\t\t\t\t\t<i class=\"td-sailboat\"><\/i>Boat Tours\t\t\t\t\t\t\t<\/span>\n\t\t\t\t\t\t<\/a>\n\t\t\t\t\t<\/div>\n\t\t\t\t\t\t\t\t\t\t\t\t\t\t<div class=\"swiper-slide tours-type-icons__item\">\n\t\t\t\t\t\t<a href=\"https:\/\/tripion.com.tr\/en\/tour-category\/yuruyus-turlari\/\" class=\"tours-type-icons__item__container\">\n\t\t\t\t\t\t\t<span class=\"tours-type-icons__item__content\">\n\t\t\t\t\t\t\t\t<i class=\"td-mountains\"><\/i>Hiking Tours\t\t\t\t\t\t\t<\/span>\n\t\t\t\t\t\t<\/a>\n\t\t\t\t\t<\/div>\n\t\t\t\t\t\t\t\t<\/div>\n\t\t\t<\/div>\n\t\t<\/div>\n\t<\/div>\n<\/div>\n<\/div><\/div><\/div><\/div><div class=\"vc_row-full-width vc_clearfix\"><\/div><div class=\"vc_row wpb_row vc_row-fluid section-white padding-top-large padding-bottom vc_custom_1717153359047 vc_row-o-content-top vc_row-flex\"><div class=\"wpb_column vc_column_container vc_col-sm-12\"><div class=\"vc_column-inner vc_custom_1717153369694\"><div class=\"wpb_wrapper\"><div class=\"title title--underline title--decoration-bottom-left insfeedtitle\">\n\t\t<h3 class=\"title__primary\">Ke\u015ffetmeye Haz\u0131r M\u0131s\u0131n? \ud83c\udf0a Ege Adalar\u0131&#039;na ve Simi Adas\u0131&#039;na Yolculuk Vakti!<\/h3>\n<\/div>\n\n\t<div class=\"wpb_raw_code wpb_content_element wpb_raw_html\" >\n\t\t<div class=\"wpb_wrapper\">\n\t\t\t<div id=\"widbox\" style=\"width: 100%; height: 100%;\" data-widbox-widget-id=\"FEajTo5FZQyzjvPcBVWZ\"><\/div><script src=\"https:\/\/widbox.sfo3.cdn.digitaloceanspaces.com\/scripts\/widbox.min.js\" defer><\/script>\n\t\t<\/div>\n\t<\/div>\n<\/div><\/div><\/div><\/div>\n<\/div>","protected":false},"excerpt":{"rendered":"B\u00f6lge uzman\u0131 yerel rehberimizin anlat\u0131mlar\u0131 ile sizleri \u00fclkemizin en \u00f6zel noktas\u0131na, Dalyan'a g\u00f6t\u00fcr\u00fcyoruz. Muhte\u015fem manzaralarda unutulmaz bir y\u00fcr\u00fcy\u00fc\u015f deneyimi sizleri bekliyor. Kaunos Antik Kenti, \u0130ztuzu Plaj\u0131, Ekincik Koyu, Karg\u0131cak Koyu, \u00c7and\u0131r k\u00f6y\u00fc, G\u00f6kbel k\u00f6y\u00fc, Radar tepesi... E\u015fsiz do\u011fa harikas\u0131 Dalyan'\u0131n t\u00fcm g\u00fczellikleri bu y\u00fcr\u00fcy\u00fc\u015f turunda<div class=\"padding-top text-center\"><a href=\"https:\/\/tripion.com.tr\/en\/tours\/eco-trails-dalyan-yuruyus-turu\/\" class=\"atbtn atbtn--medium atbtn--rounded atbtn--transparent\">Read more<i class=\"atbtn__icon atbtn__icon--right fa fa-long-arrow-right\"><\/i><\/a><\/div>","protected":false},"author":2,"featured_media":0,"parent":0,"menu_order":0,"comment_status":"open","ping_status":"open","template":"","meta":{"footnotes":""},"class_list":["post-150","page","type-page","status-publish","hentry"],"aioseo_notices":[],"_links":{"self":[{"href":"https:\/\/tripion.com.tr\/en\/wp-json\/wp\/v2\/pages\/150","targetHints":{"allow":["GET"]}}],"collection":[{"href":"https:\/\/tripion.com.tr\/en\/wp-json\/wp\/v2\/pages"}],"about":[{"href":"https:\/\/tripion.com.tr\/en\/wp-json\/wp\/v2\/types\/page"}],"author":[{"embeddable":true,"href":"https:\/\/tripion.com.tr\/en\/wp-json\/wp\/v2\/users\/2"}],"replies":[{"embeddable":true,"href":"https:\/\/tripion.com.tr\/en\/wp-json\/wp\/v2\/comments?post=150"}],"version-history":[{"count":20,"href":"https:\/\/tripion.com.tr\/en\/wp-json\/wp\/v2\/pages\/150\/revisions"}],"predecessor-version":[{"id":1976,"href":"https:\/\/tripion.com.tr\/en\/wp-json\/wp\/v2\/pages\/150\/revisions\/1976"}],"wp:attachment":[{"href":"https:\/\/tripion.com.tr\/en\/wp-json\/wp\/v2\/media?parent=150"}],"curies":[{"name":"wp","href":"https:\/\/api.w.org\/{rel}","templated":true}]}}