{"id":1557,"date":"2024-04-22T01:28:59","date_gmt":"2024-04-21T22:28:59","guid":{"rendered":"https:\/\/tripion.com.tr\/?page_id=1557"},"modified":"2024-06-14T18:58:40","modified_gmt":"2024-06-14T15:58:40","slug":"hakkimizda","status":"publish","type":"page","link":"https:\/\/tripion.com.tr\/en\/hakkimizda\/","title":{"rendered":"About Us"},"content":{"rendered":"<div class=\"wpb-content-wrapper\"><div class=\"vc_row wpb_row vc_row-fluid\"><div class=\"wpb_column vc_column_container vc_col-sm-12\"><div class=\"vc_column-inner\"><div class=\"wpb_wrapper\"><div class=\"title title--underline title--decoration-bottom-left\">\n\t\t\t<div class=\"title__subtitle\">Meeting Point of Nature and Culture<\/div>\n\t\t<h3 class=\"title__primary\">Tripion Travel &amp; Organisation<\/h3>\n<\/div>\n<\/div><\/div><\/div><\/div><div class=\"vc_row wpb_row vc_row-fluid\"><div class=\"wpb_column vc_column_container vc_col-sm-6\"><div class=\"vc_column-inner\"><div class=\"wpb_wrapper\"><div class=\"vc_empty_space\"   style=\"height: 32px\"><span class=\"vc_empty_space_inner\"><\/span><\/div>\n\t<div class=\"wpb_text_column wpb_content_element\">\n\t\t<div class=\"wpb_wrapper\">\n\t\t\t<p>Dat\u00e7a\u2019n\u0131n e\u015fsiz do\u011fas\u0131yla tarih ve k\u00fclt\u00fcr zenginliklerini bir araya getiren Tripion Travel &amp; Organisation, seyahat tutkunlar\u0131n\u0131 unutulmaz deneyimlerle bulu\u015fturuyor.<\/p>\n\n\t\t<\/div>\n\t<\/div>\n<div class=\"vc_progress_bar wpb_content_element  wpb_animate_when_almost_visible wpb_left-to-right left-to-right vc_progress-bar-color-sky\"><div class=\"vc_general vc_single_bar vc_progress-bar-color-bar_blue\"><small class=\"vc_label\">Nature and History<\/small><span class=\"vc_bar\" data-percentage-value=\"100\" data-value=\"100\"><\/span><\/div><div class=\"vc_general vc_single_bar vc_progress-bar-color-bar_blue\"><small class=\"vc_label\">Special Routes<\/small><span class=\"vc_bar\" data-percentage-value=\"100\" data-value=\"100\"><\/span><\/div><div class=\"vc_general vc_single_bar vc_progress-bar-color-bar_blue\"><small class=\"vc_label\">New Discoveries<\/small><span class=\"vc_bar\" data-percentage-value=\"100\" data-value=\"100\"><\/span><\/div><\/div><\/div><\/div><\/div><div class=\"wpb_column vc_column_container vc_col-sm-6\"><div class=\"vc_column-inner\"><div class=\"wpb_wrapper\">\n\t<div  class=\"wpb_single_image wpb_content_element vc_align_center  wpb_animate_when_almost_visible wpb_appear appear\">\n\t\t\n\t\t<figure class=\"wpb_wrapper vc_figure\">\n\t\t\t<div class=\"vc_single_image-wrapper   vc_box_border_grey\"><img loading=\"lazy\" decoding=\"async\" width=\"1812\" height=\"1890\" src=\"https:\/\/tripion.com.tr\/wp-content\/uploads\/2024\/04\/Turlarkolaj.png\" class=\"vc_single_image-img attachment-full\" alt=\"tripionTurlarkolaj\" title=\"Turlarkolaj\" srcset=\"https:\/\/tripion.com.tr\/wp-content\/uploads\/2024\/04\/Turlarkolaj.png 1812w, https:\/\/tripion.com.tr\/wp-content\/uploads\/2024\/04\/Turlarkolaj-288x300.png 288w, https:\/\/tripion.com.tr\/wp-content\/uploads\/2024\/04\/Turlarkolaj-982x1024.png 982w, https:\/\/tripion.com.tr\/wp-content\/uploads\/2024\/04\/Turlarkolaj-768x801.png 768w, https:\/\/tripion.com.tr\/wp-content\/uploads\/2024\/04\/Turlarkolaj-1473x1536.png 1473w, https:\/\/tripion.com.tr\/wp-content\/uploads\/2024\/04\/Turlarkolaj-600x626.png 600w\" sizes=\"auto, (max-width: 1812px) 100vw, 1812px\" \/><\/div>\n\t\t<\/figure>\n\t<\/div>\n<\/div><\/div><\/div><\/div><div data-vc-full-width=\"true\" data-vc-full-width-init=\"false\" data-vc-stretch-content=\"true\" data-vc-parallax=\"3.5\" data-vc-parallax-image=\"https:\/\/tripion.com.tr\/wp-content\/uploads\/2024\/04\/Tripion-travel.jpg\" class=\"vc_row wpb_row vc_row-fluid vc_row-has-fill vc_row-no-padding vc_general vc_parallax vc_parallax-content-moving\"><div class=\"wpb_column vc_column_container vc_col-sm-12\"><div class=\"vc_column-inner\"><div class=\"wpb_wrapper\"><div class=\"vc_empty_space\"   style=\"height: 220px\"><span class=\"vc_empty_space_inner\"><\/span><\/div><\/div><\/div><\/div><\/div><div class=\"vc_row-full-width vc_clearfix\"><\/div><section data-vc-full-width=\"true\" data-vc-full-width-init=\"false\" class=\"vc_section vc_custom_1714256738922 vc_section-has-fill\"><div data-vc-full-width=\"true\" data-vc-full-width-init=\"false\" class=\"vc_row wpb_row vc_row-fluid vc_column-gap-30 vc_row-o-equal-height vc_row-flex\"><div class=\"wpb_animate_when_almost_visible wpb_bottom-to-top bottom-to-top wpb_column vc_column_container vc_col-sm-3 vc_col-has-fill\"><div class=\"vc_column-inner vc_custom_1714304422313\"><div class=\"wpb_wrapper\">\n\t<div class=\"wpb_text_column wpb_content_element\">\n\t\t<div class=\"wpb_wrapper\">\n\t\t\t<p><strong>On the Trail of Nature and Culture<\/strong><\/p>\n<p style=\"font-size: 15px; line-height: 22px;\">Tripion Travel &amp; Organisation, do\u011fa ve k\u00fclt\u00fcr temas\u0131n\u0131 birle\u015ftirerek, Dat\u00e7a\u2019n\u0131n muhte\u015fem do\u011fas\u0131n\u0131 ve zengin tarihini ke\u015ffetmenin kap\u0131lar\u0131n\u0131 aral\u0131yor. Do\u011fa y\u00fcr\u00fcy\u00fc\u015flerinden antik yerle\u015fim yerlerine, k\u00fclt\u00fcrel yap\u0131lardan e\u015fsiz koylara kadar geni\u015f bir yelpazede deneyimler sunuyoruz.<\/p>\n\n\t\t<\/div>\n\t<\/div>\n<\/div><\/div><\/div><div class=\"wpb_animate_when_almost_visible wpb_bottom-to-top bottom-to-top wpb_column vc_column_container vc_col-sm-3 vc_col-has-fill\"><div class=\"vc_column-inner vc_custom_1714304457000\"><div class=\"wpb_wrapper\">\n\t<div class=\"wpb_text_column wpb_content_element\">\n\t\t<div class=\"wpb_wrapper\">\n\t\t\t<p><strong>Special Routes<\/strong><\/p>\n<p style=\"font-size: 15px; line-height: 22px;\">We love organising customised tours for our lovely guests! We make sure to prioritise their interests and demands, so that we can create the perfect journey for them. Our routes are perfect for nature lovers and culture enthusiasts alike, and we have some amazing guides who will make sure that everyone has a safe and enjoyable journey.<\/p>\n\n\t\t<\/div>\n\t<\/div>\n<\/div><\/div><\/div><div class=\"wpb_animate_when_almost_visible wpb_bottom-to-top bottom-to-top wpb_column vc_column_container vc_col-sm-3 vc_col-has-fill\"><div class=\"vc_column-inner vc_custom_1714304496308\"><div class=\"wpb_wrapper\">\n\t<div class=\"wpb_text_column wpb_content_element\">\n\t\t<div class=\"wpb_wrapper\">\n\t\t\t<p><strong>Protect Nature, Live Culture!<\/strong><\/p>\n<p style=\"font-size: 15px; line-height: 22px;\">At Tripion Travel &amp; Organisation, we're all about protecting nature and the environment. When we're putting together our tours, we make sure to follow the principles of sustainable tourism and support the protection of local communities and natural life.<\/p>\n\n\t\t<\/div>\n\t<\/div>\n<\/div><\/div><\/div><div class=\"wpb_animate_when_almost_visible wpb_bottom-to-top bottom-to-top wpb_column vc_column_container vc_col-sm-3 vc_col-has-fill\"><div class=\"vc_column-inner vc_custom_1714304572610\"><div class=\"wpb_wrapper\">\n\t<div class=\"wpb_text_column wpb_content_element\">\n\t\t<div class=\"wpb_wrapper\">\n\t\t\t<p><strong>Tripion Experience<\/strong><\/p>\n<p style=\"font-size: 15px; line-height: 22px;\">At Tripion Travel &amp; Organisation, we love making a difference with our quality service and guest satisfaction-oriented approach. We work hard to make every moment special and offer a travel experience full of unforgettable memories.<\/p>\n\n\t\t<\/div>\n\t<\/div>\n<\/div><\/div><\/div><\/div><div class=\"vc_row-full-width vc_clearfix\"><\/div><div class=\"vc_row wpb_row vc_row-fluid vc_custom_1714258840620\"><div class=\"wpb_column vc_column_container vc_col-sm-12\"><div class=\"vc_column-inner\"><div class=\"wpb_wrapper\">\n\t<div class=\"wpb_text_column wpb_content_element\">\n\t\t<div class=\"wpb_wrapper\">\n\t\t\t<p>We'd love for you to join us on an amazing journey of discovery! We're Tripion Travel &amp; Organisation, and we're all about exploring the fascinating world of nature and culture, seeing new places and experiencing different cultures. We can't wait to take you on a trip to the beautiful Dat\u00e7a. As Tripion Travel &amp; Organisation, we're so excited to share the embracing beauty of nature and culture with you. We're ready to take you on an unforgettable journey of discovery!<\/p>\n\n\t\t<\/div>\n\t<\/div>\n<\/div><\/div><\/div><\/div><\/section><div class=\"vc_row-full-width vc_clearfix\"><\/div>\n<\/div>","protected":false},"excerpt":{"rendered":"Do\u011fa ve K\u00fclt\u00fcr\u00fcn Bulu\u015fma Noktas\u0131 Tripion Travel &amp; Organisation Dat\u00e7a\u2019n\u0131n e\u015fsiz do\u011fas\u0131yla tarih ve k\u00fclt\u00fcr zenginliklerini bir araya getiren Tripion Travel &amp; Organisation, seyahat tutkunlar\u0131n\u0131 unutulmaz deneyimlerle bulu\u015fturuyor. Do\u011fa ve TarihSize \u00d6zel RotalarYeni Ke\u015fifler Do\u011fa ve K\u00fclt\u00fcr\u00fcn \u0130zinde Tripion Travel &amp; Organisation, do\u011fa ve k\u00fclt\u00fcr<div class=\"padding-top text-center\"><a href=\"https:\/\/tripion.com.tr\/en\/hakkimizda\/\" class=\"atbtn atbtn--medium atbtn--rounded atbtn--transparent\">Read more<i class=\"atbtn__icon atbtn__icon--right fa fa-long-arrow-right\"><\/i><\/a><\/div>","protected":false},"author":1,"featured_media":0,"parent":0,"menu_order":0,"comment_status":"closed","ping_status":"closed","template":"","meta":{"footnotes":""},"class_list":["post-1557","page","type-page","status-publish","hentry"],"aioseo_notices":[],"_links":{"self":[{"href":"https:\/\/tripion.com.tr\/en\/wp-json\/wp\/v2\/pages\/1557","targetHints":{"allow":["GET"]}}],"collection":[{"href":"https:\/\/tripion.com.tr\/en\/wp-json\/wp\/v2\/pages"}],"about":[{"href":"https:\/\/tripion.com.tr\/en\/wp-json\/wp\/v2\/types\/page"}],"author":[{"embeddable":true,"href":"https:\/\/tripion.com.tr\/en\/wp-json\/wp\/v2\/users\/1"}],"replies":[{"embeddable":true,"href":"https:\/\/tripion.com.tr\/en\/wp-json\/wp\/v2\/comments?post=1557"}],"version-history":[{"count":26,"href":"https:\/\/tripion.com.tr\/en\/wp-json\/wp\/v2\/pages\/1557\/revisions"}],"predecessor-version":[{"id":1819,"href":"https:\/\/tripion.com.tr\/en\/wp-json\/wp\/v2\/pages\/1557\/revisions\/1819"}],"wp:attachment":[{"href":"https:\/\/tripion.com.tr\/en\/wp-json\/wp\/v2\/media?parent=1557"}],"curies":[{"name":"wp","href":"https:\/\/api.w.org\/{rel}","templated":true}]}}