{"id":2239,"date":"2026-01-03T21:31:48","date_gmt":"2026-01-03T18:31:48","guid":{"rendered":"https:\/\/tripion.com.tr\/?post_type=product&#038;p=2239"},"modified":"2026-01-03T22:08:35","modified_gmt":"2026-01-03T19:08:35","slug":"karia-yolu-bafa-golu-yuruyus-turu","status":"publish","type":"product","link":"https:\/\/tripion.com.tr\/en\/tours\/karia-yolu-bafa-golu-yuruyus-turu\/","title":{"rendered":"Karia Yolu: Bafa G\u00f6l\u00fc Y\u00fcr\u00fcy\u00fc\u015f Turu"},"content":{"rendered":"<p>E\u015fi benzeri olmayan bir co\u011frafya: Bafa G\u00f6l\u00fc<\/p>\n<p>Karia medeniyetini her ad\u0131mda ya\u015fayaca\u011f\u0131m\u0131z bu y\u00fcr\u00fcy\u00fc\u015f turunda bizi hem do\u011fal g\u00fczellikler hem de tarihsel bir yolculuk bekliyor.<\/p>\n<p>Labranda antik kutsal alan\u0131, Karg\u0131cak k\u00f6y\u00fc, Bafa g\u00f6l\u00fc, Kap\u0131k\u0131r\u0131 k\u00f6y\u00fc, G\u00f6lyaka k\u00f6y\u00fc, Heraklia antik kenti, Neolitik \u00e7a\u011f ma\u011fara resinleri, Yediler manast\u0131r\u0131, Euromos antik kenti, Be\u00e7in kalesi ve daha neler neler&#8230;<\/p>\n<p>Karia&#8217;n\u0131n kadim tarihine bir yolculu\u011fa haz\u0131r m\u0131s\u0131n\u0131z?<\/p>\n<p><strong>Karia Yolu: Bafa G\u00f6l\u00fc Y\u00fcr\u00fcy\u00fc\u015f Turu turumuz i\u00e7in;<\/strong><\/p>\n<p><strong>Summary Programme of Our Tour<\/strong><\/p>\n<p><strong>1.G\u00dcN: <\/strong>\u00a0Milas &#8211; Bodrum Havaliman\u0131 Bulu\u015fmas\u0131 \/ Labranda antik kutsal alan\u0131 &#8211; Karg\u0131cak k\u00f6y\u00fc (7km) \/ Otele Giri\u015f \/\u00a0 Serbest zaman<br \/>\n<strong>2.G\u00dcN:<\/strong> G\u00f6lyaka k\u00f6y\u00fc &#8211; Yediler manast\u0131r\u0131 &#8211; Kap\u0131k\u0131r\u0131 k\u00f6y\u00fc (13km) \/ Otele D\u00f6n\u00fc\u015f \/ Serbest Zaman<br \/>\n<strong>3.G\u00fcn:<\/strong>\u00a0 Ser\u00e7in k\u00f6y\u00fc &#8211; Bafa g\u00f6l\u00fc milli park\u0131 &#8211; Kap\u0131k\u0131r\u0131 k\u00f6y\u00fc (13 km)\u00a0 \/ Otele D\u00f6n\u00fc\u015f \/ Serbest Zaman<\/p>\n<p><strong>4.G\u00fcn:<\/strong> Tur arac\u0131 ile K\u00fclt\u00fcr turu: Euromos Antik kenti, Be\u00e7in Kalesi, G\u00fcm\u00fc\u015fkesen an\u0131t\u0131, Uzunyuva an\u0131t mezar\u0131 \/ Milas &#8211; Bodrum Havaliman\u0131na D\u00f6n\u00fc\u015f<\/p>\n<p><strong>Konaklama:<\/strong> Butik Otel (ak\u015fam yeme\u011fi dahil)<\/p>\n<p><strong>Maksimum kat\u0131l\u0131mc\u0131 say\u0131s\u0131: <\/strong>15 (maksimum) \u2013<\/p>\n<p><strong>Karia Yolu: Bafa G\u00f6l\u00fc Y\u00fcr\u00fcy\u00fc\u015f turu tarihleri ve fiyatlar\u0131m\u0131z;<\/strong><\/p>\n<p>Bu tur kapal\u0131 gruplar i\u00e7in \u00f6zel tur olarak planlanmaktad\u0131r. Fiyat bilgisi ve tarih i\u00e7in bizimle ileti\u015fime ge\u00e7ebilirsiniz.<\/p>\n<p>&nbsp;<\/p>\n<p><strong>Tur rezervasyonu i\u00e7in 0551 215 44 28 numaral\u0131 telefonumuzdan WhatsApp \u00fczerinden bize ula\u015fabilirsiniz.<\/strong><\/p>\n<p>&nbsp;<\/p>\n<p>&nbsp;<\/p>\n<p><!--more--><br \/>\n<div class=\"panel-group accordion\" id=\"ataccordion1\">\n<div class=\"panel panel-default accordion__item\">\n\t<div class=\"panel-heading accordion__item__title-wrap\">\n\t\t<h4 class=\"panel-title\">\n\t\t\t<a data-toggle=\"collapse\" data-parent=\"#ataccordion1\" href=\"#ataccordion1_1\" class=\"accordion__item__link collapsed\">INCLUDED &amp; EXCLUDED<\/a>\n\t\t<\/h4>\n\t<\/div>\n\t<div id=\"ataccordion1_1\" class=\"panel-collapse collapse\">\n\t\t<div class=\"panel-body accordion__item__content\">\n<div class=\"row\"><div class=\"col-md-6\">\n<p><strong>Included in the price<\/strong><\/p>\n<p>\u2022 Boutique Hotel Accommodation<br \/>\n\u2022 Kahvalt\u0131 (Otelde)<br \/>\n\u2022 Ak\u015fam Yeme\u011fi (Restoranda)<br \/>\n\u2022 All transfers during the tour programme<br \/>\n\u2022 Guidance Service<br \/>\n\u2022 Airport \/ Bus Station Transfer<br \/>\n\u2022 Compulsory Travel Insurance<br \/>\n\u2022 Health Insurance<br \/>\n\u2022 Accommodation Tax<br \/>\n<\/p><\/div><div class=\"col-md-6\">\n<p><strong>Not Included in the Price<\/strong><\/p>\n<p>\u2022 Flight \/ Bus Tickets (Dalaman Airport or Marmaris\/Dat\u00e7a Bus Station)<br \/>\n\u2022 Special Transfer Requests<br \/>\n\u2022 Personal Expenditures<br \/>\n\u2022 Grocery shopping for lunch and snacks<br \/>\n\u2022 Ak\u015fam yeme\u011findeki fix men\u00fcye ilaveler ve t\u00fcm alkoll\u00fc\/alkols\u00fcz i\u00e7ecekler<br \/>\n\u2022 Museum and Ruins Entrance Fees<br \/>\n\u2022 All Services Not Included in the Price<\/p>\n<\/div><\/div>\n<\/div>\n\t<\/div>\n<\/div>\n\n<div class=\"panel panel-default accordion__item\">\n\t<div class=\"panel-heading accordion__item__title-wrap\">\n\t\t<h4 class=\"panel-title\">\n\t\t\t<a data-toggle=\"collapse\" data-parent=\"#ataccordion1\" href=\"#ataccordion1_2\" class=\"accordion__item__link collapsed\">NECESSARY ITEMS<\/a>\n\t\t<\/h4>\n\t<\/div>\n\t<div id=\"ataccordion1_2\" class=\"panel-collapse collapse\">\n\t\t<div class=\"panel-body accordion__item__content\">\n<div class=\"row\"><div class=\"col-md-6\">\n<p>\u2022 Outdoor Walking Shoes (Outdoor Shoes, Hard Sole, Ankle Wrapping)<br \/>\n\u2022 Hiking Trousers (Must be Outdoor Trousers)<br \/>\n\u2022 Hiking Baton \/ Batons (Single \/ Double)<br \/>\n\u2022 Backpack<br \/>\n\u2022 Spare Clothes<\/p>\n<\/div><div class=\"col-md-6\">\n<p>\u2022 Raincoat or poncho (depending on the weather on the tour date)<br \/>\n\u2022 Items such as swimming clothes and towels for sea breaks (depending on the weather on the tour date)<br \/>\n\u2022 Sun cream, sunglasses, hat<br \/>\n\u2022 Thermos for coffee and tea from the hotel<br \/>\n\u2022 Powerbank<br \/>\n\u2022 Your regular medicines and allergy medicines if you have allergies such as pollen<\/p>\n<\/div><\/div>\n<\/div>\n\t<\/div>\n<\/div>\n\n<div class=\"panel panel-default accordion__item\">\n\t<div class=\"panel-heading accordion__item__title-wrap\">\n\t\t<h4 class=\"panel-title\">\n\t\t\t<a data-toggle=\"collapse\" data-parent=\"#ataccordion1\" href=\"#ataccordion1_3\" class=\"accordion__item__link collapsed\">IMPORTANT INFORMATION<\/a>\n\t\t<\/h4>\n\t<\/div>\n\t<div id=\"ataccordion1_3\" class=\"panel-collapse collapse\">\n\t\t<div class=\"panel-body accordion__item__content\">\n<ul>\n<li>Before you buy your Departure and Return Tickets (plane or bus) for the tour, we ask you to contact our tour operation team to get the appropriate times. We have only one vehicle for transfer, which is arranged for a specific time.<\/li>\n<li>Our guests who will participate in the trekking tour must wear clothes suitable for trekking (outdoor shoes, outdoor trousers, backpack<strong>, <\/strong>outdoor mont ve outdoor t-shirt)<\/li>\n<li>Our walking routes are at medium level. It can be easily walked by anyone with hiking experience.<\/li>\n<li>For those who will hike for the first time, if their physical condition is suitable, they can easily walk the routes and it will be a great experience for them. As Tripion Travel team, we would be very happy for them to experience their first trekking experience with us.<\/li>\n<li>For those who want to leave the hike at a certain point (since it is necessary to call a special vehicle suitable for the terrain, the cost of the participant belongs to the participant), transfers can be provided at suitable points.<\/li>\n<li><strong>Participants with allergies and chronic illnesses are required to inform before registration and the hike.<\/strong><\/li>\n<li><strong>Since climatic conditions vary in natural conditions (such as torrential rain, storm, strong wind, humidity and excessive increase in temperature), route change or route cancellation situations occur at the time of the tour and at the beginning of the tour due to reasons. Since our primary goal is the health of our participants, they should not hold our guide responsible for route changes or route cancellations.<\/strong><\/li>\n<li><strong>It is not suitable for people with diseases such as high blood pressure, heart diseases, asthma, muscle\/joint rheumatism, epilepsy, respiratory diseases to participate in trekking tours. It is important that those with such chronic diseases contact us in advance during registration.<\/strong><\/li>\n<li><strong>Turlar\u0131m\u0131zda son dakika iptaller nedeniyle sorun ya\u015fanmaktad\u0131r. Kat\u0131l\u0131mc\u0131lardan toplam \u00fccretten d\u00fc\u015fmek \u00fczerek y\u00fczde 30 oran\u0131nda \u00f6n \u00f6deme (kapora) al\u0131nmakt\u0131r. \u00d6n \u00f6demenin m\u00fccbir sebepler haricinde iadesi yap\u0131lmamaktad\u0131r. Tur iptali durumunda ise al\u0131nan \u00f6n \u00f6demelerin tamam\u0131 iade edilir. Turun kesinle\u015fmesi Tur ba\u015flang\u0131c\u0131ndan 10 g\u00fcn \u00f6nce belli olur.<\/strong><\/li>\n<li><strong>FOR OUR TOURS FOR 2-4 PERSONS, WE DO TOURS WITH A PASSENGER VEHICLE. (Due to last minute cancellations, we do our tours with small vehicles in order not to victimise other participants).<\/strong><\/li>\n<\/ul>\n<\/div>\n\t<\/div>\n<\/div>\n<\/div>","protected":false},"excerpt":{"rendered":"<p>Bu tur kapal\u0131 gruplar i\u00e7in \u00f6zel tur olarak planlanmaktad\u0131r. Fiyat bilgisi ve tarih i\u00e7in bizimle ileti\u015fime ge\u00e7ebilirsiniz.<\/p>","protected":false},"featured_media":2241,"comment_status":"closed","ping_status":"closed","template":"","meta":[],"product_cat":[15,37],"product_tag":[],"class_list":{"0":"post-2239","1":"product","2":"type-product","3":"status-publish","4":"has-post-thumbnail","6":"product_cat-uncategorized","7":"product_cat-trekking","9":"first","10":"instock","11":"shipping-taxable","12":"purchasable","13":"product-type-tour"},"aioseo_notices":[],"_links":{"self":[{"href":"https:\/\/tripion.com.tr\/en\/wp-json\/wp\/v2\/product\/2239","targetHints":{"allow":["GET"]}}],"collection":[{"href":"https:\/\/tripion.com.tr\/en\/wp-json\/wp\/v2\/product"}],"about":[{"href":"https:\/\/tripion.com.tr\/en\/wp-json\/wp\/v2\/types\/product"}],"replies":[{"embeddable":true,"href":"https:\/\/tripion.com.tr\/en\/wp-json\/wp\/v2\/comments?post=2239"}],"wp:featuredmedia":[{"embeddable":true,"href":"https:\/\/tripion.com.tr\/en\/wp-json\/wp\/v2\/media\/2241"}],"wp:attachment":[{"href":"https:\/\/tripion.com.tr\/en\/wp-json\/wp\/v2\/media?parent=2239"}],"wp:term":[{"taxonomy":"product_cat","embeddable":true,"href":"https:\/\/tripion.com.tr\/en\/wp-json\/wp\/v2\/product_cat?post=2239"},{"taxonomy":"product_tag","embeddable":true,"href":"https:\/\/tripion.com.tr\/en\/wp-json\/wp\/v2\/product_tag?post=2239"}],"curies":[{"name":"wp","href":"https:\/\/api.w.org\/{rel}","templated":true}]}}