{"id":2281,"date":"2026-04-22T19:41:39","date_gmt":"2026-04-22T16:41:39","guid":{"rendered":"https:\/\/tripion.com.tr\/?post_type=product&#038;p=2281"},"modified":"2026-04-22T21:09:17","modified_gmt":"2026-04-22T18:09:17","slug":"karia-datca-yarimadasi-karia-yolu-yuruyus-turu-16-17-18-19mayis","status":"publish","type":"product","link":"https:\/\/tripion.com.tr\/en\/tours\/karia-datca-yarimadasi-karia-yolu-yuruyus-turu-16-17-18-19mayis\/","title":{"rendered":"Karia: Dat\u00e7a Yar\u0131madas\u0131 Karia Yolu Y\u00fcr\u00fcy\u00fc\u015f Turu (16-17-18-19May\u0131s)"},"content":{"rendered":"<p>Dat\u00e7a\u2019da kurulmu\u015f olan yerel bir seyahat acentesi olarak sizleri Dat\u00e7a\u2019n\u0131n en \u00f6zel koylar\u0131na g\u00f6t\u00fcr\u00fcyoruz. Bir k\u0131y\u0131s\u0131nda Akdeniz&#8217;in, di\u011fer k\u0131y\u0131s\u0131nda Ege Denizi&#8217;nin uzand\u0131\u011f\u0131 Dat\u00e7a Yar\u0131madas\u0131\u2019ndaki bu turumuzda sizlere yerel rehberimiz e\u015flik ediyor. Yerel rehberimizin anlatt\u0131\u011f\u0131 Dat\u00e7a hikayeleri ile Dat\u00e7a koylar\u0131nda, do\u011fas\u0131nda ve tarihi k\u00f6ylerinde masals\u0131 bir y\u00fcr\u00fcy\u00fc\u015f turu sizi bekliyor.<\/p>\n<p>Bal\u0131ka\u015f\u0131ran, \u00c7at\u0131 koyu, Karg\u0131 koyu, Barkas Koyu, Palamutb\u00fck\u00fc, Knidos, Re\u015fadiye, Eski Dat\u00e7a\u2026<\/p>\n<p>4 g\u00fcn boyunca 10\u2019dan fazla Dat\u00e7a koyu g\u00f6rece\u011fiz. En g\u00fczel, en bakir koylarda y\u00fczme molas\u0131 verece\u011fiz. Knidos\u2019un e\u015fsiz tarihini \u00f6\u011frenece\u011fiz. Tarihi k\u00f6y sokaklar\u0131nda dola\u015faca\u011f\u0131z. Antik d\u00f6nemde bu co\u011frafyada ya\u015fam\u0131\u015f antik Karia halk\u0131ndan ad\u0131n\u0131 alan Karia Yolu\u2019nun muhte\u015fem patikalar\u0131nda ad\u0131mlar\u0131m\u0131z\u0131 ataca\u011f\u0131z.<\/p>\n<p>(850 km&#8217;lik uzunlu\u011fu ile T\u00fcrkiye&#8217;nin en uzun k\u00fclt\u00fcr rotas\u0131 olan Karia Yolu, 5 Ana B\u00f6l\u00fcmden olu\u015fmaktad\u0131r. 5 ana b\u00f6l\u00fcmden biri olan Dat\u00e7a Yar\u0131madas\u0131&#8217;nda Karia Yolunun 155 km&#8217;lik y\u00fcr\u00fcy\u00fc\u015f rotas\u0131 ve 10 etab\u0131 bulunmaktad\u0131r.)<\/p>\n<p>&nbsp;<\/p>\n<p><strong>Karia: Dat\u00e7a Yar\u0131madas\u0131 Karia Yolu Y\u00fcr\u00fcy\u00fc\u015f Turu turumuz i\u00e7in;<\/strong><\/p>\n<p><strong>Summary Programme of Our Tour<\/strong><\/p>\n<p>1.G\u00dcN : Dalaman Havaalan\u0131 Bulu\u015fma \/ KAR\u0130A YOLU (\u00c7at\u0131 Koyu-Bal\u0131ka\u015f\u0131ran Parkuru 5 km) \/ Dat\u00e7a Merkez \/ Dat\u00e7a&#8217;da konaklama<br \/>\n2.G\u00dcN : KAR\u0130A YOLU (B\u00fckce\u011fiz-Knidos Parkuru 13 km) \/ Knidos Antik Kenti \/ Palamutb\u00fck\u00fc \/ Deniz Keyfi \/ Dat\u00e7a&#8217;da konaklama<br \/>\n3.G\u00dcN : KAR\u0130A YOLU ( Domuz\u00e7ukuru-Bat\u0131rk\u0131z\u0131lb\u00fck Parkuru 13 km) \/ Deniz Keyfi \/ Eski Dat\u00e7a \/ Dat\u00e7a&#8217;da konaklama<br \/>\n4.G\u00dcN : KAR\u0130A YOLU (Karg\u0131 Koyu- Mandalya Parkuru 8 km) \/ Deniz Keyfi \/ Dalaman Havaalan\u0131ndan d\u00f6n\u00fc\u015f<\/p>\n<p><strong>Konaklama:<\/strong> Dat\u00e7a Merkezde Butik Otel (ak\u015fam yeme\u011fi dahil)<\/p>\n<p><strong>Maksimum kat\u0131l\u0131mc\u0131 say\u0131s\u0131:<\/strong>\u00a015 (maksimum) \u2013 ( Dat\u00e7a turlar\u0131m\u0131zda iptal yok. 1 ki\u015fi ile de turumuz kesin \u00e7\u0131k\u0131\u015fl\u0131d\u0131r)<\/p>\n<p><strong>Karia Yolu: Dat\u00e7a turu tarihleri ve fiyatlar\u0131m\u0131z;<\/strong><\/p>\n<p>16-17-18-19 May\u0131s 2026 (3gece,4g\u00fcn) &#8212;&#8211;&gt; 30900 TL (3 gece, 4 g\u00fcn), Konaklamalar iki ki\u015filik odalarda ki\u015fi ba\u015f\u0131d\u0131r. Tek ki\u015fi konaklama fark\u0131 ile toplam fiyat 37900 TL\u2019dir.<\/p>\n<p>Turumuzun fiyat fark\u0131n\u0131n sebebi; (farkl\u0131 acentelerin benzeri turuna g\u00f6re) <strong>kaliteli butik otelde konaklama<\/strong> ve <strong>hizmet kalitesiden <\/strong>(rehberlik hizmeti, transfer ve ak\u015fam yemekleri)\u00a0dolay\u0131d\u0131r.<\/p>\n<p>(U\u00e7ak biletleri fiyatlar\u0131m\u0131za dahil edilmemi\u015ftir.)<\/p>\n<p><strong>Tur rezervasyonu i\u00e7in 0551 215 44 28 numaral\u0131 telefonumuzdan WhatsApp \u00fczerinden bize ula\u015fabilirsiniz.<\/strong><\/p>\n<p><strong>*Havaliman\u0131nda bulu\u015fma saatimiz 10.15 \u2013 (16 May\u0131s 2026 Cumartesi)<\/strong><\/p>\n<p>Tur i\u00e7in tavsiye edilen u\u00e7u\u015f saatleri:<\/p>\n<p>Geli\u015f saatleri:<\/p>\n<p>\u0130stanbul \u2013 Dalaman u\u00e7a\u011f\u0131 \/ Pegasus 08.15 &#8211; 09.30<\/p>\n<p>\u0130stanbul &#8211;\u00a0 Dalaman u\u00e7a\u011f\u0131 \/ THY 07.45 &#8211; 09.05<\/p>\n<p><strong>*Turun Havaliman\u0131nda Biti\u015f saati 17.30 \u2013 (19 May\u0131s 2026 Sal\u0131)<\/strong><\/p>\n<p>D\u00f6n\u00fc\u015f i\u00e7in u\u00e7ak biletlerinizi saat 18.30&#8217;dan sonraki her u\u00e7ak seferine alabilirsiniz.<\/p>\n<p><strong> Tur rezervasyonunuz sonras\u0131nda u\u00e7ak bileti al\u0131rken l\u00fctfen ekibimiz ile ileti\u015fime ge\u00e7meyi unutmay\u0131n. Havaliman\u0131 transferi i\u00e7in sadece tek bir arac\u0131m\u0131z bulunmaktad\u0131r.<\/strong><\/p>\n<p>&nbsp;<\/p>\n<p><!--more--><br \/>\n<div class=\"panel-group accordion\" id=\"ataccordion1\">\n<div class=\"panel panel-default accordion__item\">\n\t<div class=\"panel-heading accordion__item__title-wrap\">\n\t\t<h4 class=\"panel-title\">\n\t\t\t<a data-toggle=\"collapse\" data-parent=\"#ataccordion1\" href=\"#ataccordion1_1\" class=\"accordion__item__link collapsed\">INCLUDED &amp; EXCLUDED<\/a>\n\t\t<\/h4>\n\t<\/div>\n\t<div id=\"ataccordion1_1\" class=\"panel-collapse collapse\">\n\t\t<div class=\"panel-body accordion__item__content\">\n<div class=\"row\"><div class=\"col-md-6\">\n<p><strong>Included in the price<\/strong><\/p>\n<p>\u2022 Boutique Hotel Accommodation<br \/>\n\u2022 Kahvalt\u0131 (Otelde)<br \/>\n\u2022 Ak\u015fam Yeme\u011fi (Restoranda)<br \/>\n\u2022 All transfers during the tour programme<br \/>\n\u2022 Guidance Service<br \/>\n\u2022 Airport \/ Bus Station Transfer<br \/>\n\u2022 Compulsory Travel Insurance<br \/>\n\u2022 Health Insurance<br \/>\n\u2022 Accommodation Tax<br \/>\n<\/p><\/div><div class=\"col-md-6\">\n<p><strong>Not Included in the Price<\/strong><\/p>\n<p>\u2022 Flight \/ Bus Tickets (Dalaman Airport or Marmaris\/Dat\u00e7a Bus Station)<br \/>\n\u2022 Special Transfer Requests<br \/>\n\u2022 Personal Expenditures<br \/>\n\u2022 Grocery shopping for lunch and snacks<br \/>\n\u2022 Ak\u015fam yeme\u011findeki fix men\u00fcye ilaveler ve t\u00fcm alkoll\u00fc\/alkols\u00fcz i\u00e7ecekler<br \/>\n\u2022 Museum and Ruins Entrance Fees<br \/>\n\u2022 All Services Not Included in the Price<\/p>\n<\/div><\/div>\n<\/div>\n\t<\/div>\n<\/div>\n\n<div class=\"panel panel-default accordion__item\">\n\t<div class=\"panel-heading accordion__item__title-wrap\">\n\t\t<h4 class=\"panel-title\">\n\t\t\t<a data-toggle=\"collapse\" data-parent=\"#ataccordion1\" href=\"#ataccordion1_2\" class=\"accordion__item__link collapsed\">NECESSARY ITEMS<\/a>\n\t\t<\/h4>\n\t<\/div>\n\t<div id=\"ataccordion1_2\" class=\"panel-collapse collapse\">\n\t\t<div class=\"panel-body accordion__item__content\">\n<div class=\"row\"><div class=\"col-md-6\">\n<p>\u2022 Outdoor Walking Shoes (Outdoor Shoes, Hard Sole, Ankle Wrapping)<br \/>\n\u2022 Hiking Trousers (Must be Outdoor Trousers)<br \/>\n\u2022 Hiking Baton \/ Batons (Single \/ Double)<br \/>\n\u2022 Backpack<br \/>\n\u2022 Spare Clothes<\/p>\n<\/div><div class=\"col-md-6\">\n<p>\u2022 Raincoat or poncho (depending on the weather on the tour date)<br \/>\n\u2022 Items such as swimming clothes and towels for sea breaks (depending on the weather on the tour date)<br \/>\n\u2022 Sun cream, sunglasses, hat<br \/>\n\u2022 Thermos for coffee and tea from the hotel<br \/>\n\u2022 Powerbank<br \/>\n\u2022 Your regular medicines and allergy medicines if you have allergies such as pollen<\/p>\n<\/div><\/div>\n<\/div>\n\t<\/div>\n<\/div>\n\n<div class=\"panel panel-default accordion__item\">\n\t<div class=\"panel-heading accordion__item__title-wrap\">\n\t\t<h4 class=\"panel-title\">\n\t\t\t<a data-toggle=\"collapse\" data-parent=\"#ataccordion1\" href=\"#ataccordion1_3\" class=\"accordion__item__link collapsed\">IMPORTANT INFORMATION<\/a>\n\t\t<\/h4>\n\t<\/div>\n\t<div id=\"ataccordion1_3\" class=\"panel-collapse collapse\">\n\t\t<div class=\"panel-body accordion__item__content\">\n<ul>\n<li>Before you buy your Departure and Return Tickets (plane or bus) for the tour, we ask you to contact our tour operation team to get the appropriate times. We have only one vehicle for transfer, which is arranged for a specific time.<\/li>\n<li>Our guests who will participate in the trekking tour must wear clothes suitable for trekking (outdoor shoes, outdoor trousers, backpack<strong>, <\/strong>outdoor mont ve outdoor t-shirt)<\/li>\n<li>Our walking routes are at medium level. It can be easily walked by anyone with hiking experience.<\/li>\n<li>For those who will hike for the first time, if their physical condition is suitable, they can easily walk the routes and it will be a great experience for them. As Tripion Travel team, we would be very happy for them to experience their first trekking experience with us.<\/li>\n<li>For those who want to leave the hike at a certain point (since it is necessary to call a special vehicle suitable for the terrain, the cost of the participant belongs to the participant), transfers can be provided at suitable points.<\/li>\n<li><strong>Participants with allergies and chronic illnesses are required to inform before registration and the hike.<\/strong><\/li>\n<li><strong>Since climatic conditions vary in natural conditions (such as torrential rain, storm, strong wind, humidity and excessive increase in temperature), route change or route cancellation situations occur at the time of the tour and at the beginning of the tour due to reasons. Since our primary goal is the health of our participants, they should not hold our guide responsible for route changes or route cancellations.<\/strong><\/li>\n<li><strong>It is not suitable for people with diseases such as high blood pressure, heart diseases, asthma, muscle\/joint rheumatism, epilepsy, respiratory diseases to participate in trekking tours. It is important that those with such chronic diseases contact us in advance during registration.<\/strong><\/li>\n<li><strong>Turlar\u0131m\u0131zda son dakika iptaller nedeniyle sorun ya\u015fanmaktad\u0131r. Kat\u0131l\u0131mc\u0131lardan toplam \u00fccretten d\u00fc\u015fmek \u00fczerek y\u00fczde 30 oran\u0131nda \u00f6n \u00f6deme (kapora) al\u0131nmakt\u0131r. \u00d6n \u00f6demenin m\u00fccbir sebepler haricinde iadesi yap\u0131lmamaktad\u0131r. Tur iptali durumunda ise al\u0131nan \u00f6n \u00f6demelerin tamam\u0131 iade edilir. Turun kesinle\u015fmesi Tur ba\u015flang\u0131c\u0131ndan 10 g\u00fcn \u00f6nce belli olur.<\/strong><\/li>\n<li><strong>FOR OUR TOURS FOR 2-4 PERSONS, WE DO TOURS WITH A PASSENGER VEHICLE. (Due to last minute cancellations, we do our tours with small vehicles in order not to victimise other participants).<\/strong><\/li>\n<\/ul>\n<\/div>\n\t<\/div>\n<\/div>\n<\/div>","protected":false},"excerpt":{"rendered":"<p>Antik d\u00f6nemde bu co\u011frafyada ya\u015fam\u0131\u015f antik Karia halk\u0131ndan ad\u0131n\u0131 alan Karia Yolu\u2019nun muhte\u015fem patikalar\u0131nda ad\u0131mlar\u0131m\u0131z\u0131 ataca\u011f\u0131z.<\/p>","protected":false},"featured_media":2283,"comment_status":"closed","ping_status":"closed","template":"","meta":[],"product_cat":[15,37],"product_tag":[],"class_list":{"0":"post-2281","1":"product","2":"type-product","3":"status-publish","4":"has-post-thumbnail","6":"product_cat-uncategorized","7":"product_cat-trekking","9":"first","10":"instock","11":"shipping-taxable","12":"purchasable","13":"product-type-tour"},"aioseo_notices":[],"_links":{"self":[{"href":"https:\/\/tripion.com.tr\/en\/wp-json\/wp\/v2\/product\/2281","targetHints":{"allow":["GET"]}}],"collection":[{"href":"https:\/\/tripion.com.tr\/en\/wp-json\/wp\/v2\/product"}],"about":[{"href":"https:\/\/tripion.com.tr\/en\/wp-json\/wp\/v2\/types\/product"}],"replies":[{"embeddable":true,"href":"https:\/\/tripion.com.tr\/en\/wp-json\/wp\/v2\/comments?post=2281"}],"wp:featuredmedia":[{"embeddable":true,"href":"https:\/\/tripion.com.tr\/en\/wp-json\/wp\/v2\/media\/2283"}],"wp:attachment":[{"href":"https:\/\/tripion.com.tr\/en\/wp-json\/wp\/v2\/media?parent=2281"}],"wp:term":[{"taxonomy":"product_cat","embeddable":true,"href":"https:\/\/tripion.com.tr\/en\/wp-json\/wp\/v2\/product_cat?post=2281"},{"taxonomy":"product_tag","embeddable":true,"href":"https:\/\/tripion.com.tr\/en\/wp-json\/wp\/v2\/product_tag?post=2281"}],"curies":[{"name":"wp","href":"https:\/\/api.w.org\/{rel}","templated":true}]}}